{"id":22178,"date":"2024-08-01T01:18:44","date_gmt":"2024-07-31T23:18:44","guid":{"rendered":"https:\/\/theavenue.realestate\/politica-de-privacidad\/"},"modified":"2026-01-12T11:53:21","modified_gmt":"2026-01-12T10:53:21","slug":"politica-de-privacidad","status":"publish","type":"page","link":"https:\/\/theavenue.realestate\/en\/politica-de-privacidad\/","title":{"rendered":"Pol\u00edtica de privacidad"},"content":{"rendered":"\t\t<div data-elementor-type=\"wp-page\" data-elementor-id=\"22178\" class=\"elementor elementor-22178 elementor-5562\" data-elementor-post-type=\"page\">\n\t\t\t\t<div class=\"elementor-element elementor-element-506d2d5 e-flex e-con-boxed e-con e-parent\" data-id=\"506d2d5\" data-element_type=\"container\" data-e-type=\"container\" data-settings=\"{&quot;jet_parallax_layout_list&quot;:[]}\">\n\t\t\t\t\t<div class=\"e-con-inner\">\n\t\t<div class=\"elementor-element elementor-element-32427ee e-flex e-con-boxed e-con e-child\" data-id=\"32427ee\" data-element_type=\"container\" data-e-type=\"container\" data-settings=\"{&quot;jet_parallax_layout_list&quot;:[]}\">\n\t\t\t\t\t<div class=\"e-con-inner\">\n\t\t\t\t<div class=\"elementor-element elementor-element-11d7e2e elementor-widget__width-inherit elementor-widget elementor-widget-heading\" data-id=\"11d7e2e\" data-element_type=\"widget\" data-e-type=\"widget\" data-widget_type=\"heading.default\">\n\t\t\t\t<div class=\"elementor-widget-container\">\n\t\t\t\t\t<h1 class=\"elementor-heading-title elementor-size-default\">Pol\u00edtica de privacidad<\/h1>\t\t\t\t<\/div>\n\t\t\t\t<\/div>\n\t\t\t\t<div class=\"elementor-element elementor-element-a776d10 elementor-widget-divider--view-line elementor-widget elementor-widget-divider\" data-id=\"a776d10\" data-element_type=\"widget\" data-e-type=\"widget\" data-widget_type=\"divider.default\">\n\t\t\t\t<div class=\"elementor-widget-container\">\n\t\t\t\t\t\t\t<div class=\"elementor-divider\">\n\t\t\t<span class=\"elementor-divider-separator\">\n\t\t\t\t\t\t<\/span>\n\t\t<\/div>\n\t\t\t\t\t\t<\/div>\n\t\t\t\t<\/div>\n\t\t\t\t<div class=\"elementor-element elementor-element-42c48be elementor-widget elementor-widget-text-editor\" data-id=\"42c48be\" data-element_type=\"widget\" data-e-type=\"widget\" data-widget_type=\"text-editor.default\">\n\t\t\t\t<div class=\"elementor-widget-container\">\n\t\t\t\t\t\t\t\t\t<p>La presente Pol\u00edtica de Privacidad (en adelante, la \u201cPol\u00edtica\u201d) tiene por objeto regular las actividades de tratamiento de datos personales que realiza White Bestinv, S.L. (en adelante, \u201cThe Avenue\u201d) a trav\u00e9s del sitio web <a href=\"https:\/\/theavenue.realestate\">https:\/\/theavenue.realestate<\/a> (en adelante, el \u201cSitio Web\u201d).<\/p><p>Por tanto, a trav\u00e9s de la presente Pol\u00edtica, The Avenue pretende que conozcas el modo en que se recaban, tratan y protegen los datos de car\u00e1cter personal que nos otorgues a trav\u00e9s de los diversos formularios existentes en el Sitio Web, a fin de que puedas determinar libre y voluntariamente si deseas facilitar tus datos personales a The Avenue para las diversas finalidades que se expondr\u00e1n a continuaci\u00f3n.<\/p><p>El acceso y uso del Sitio Web implica que aceptas en su totalidad, y te obligas a cumplir por completo los t\u00e9rminos y condiciones recogidos en la presente Pol\u00edtica de Privacidad, as\u00ed como en las disposiciones contenidas en el Aviso Legal, configur\u00e1ndose ambos documentos, junto con la Pol\u00edtica de Cookies (cuyo proceso de aceptaci\u00f3n es independiente), en su conjunto como los Textos Legales aplicables.<\/p><p>Por favor, lee atentamente dichos Textos Legales cada una de las ocasiones en las que te propongas utilizar el Sitio Web, ya que \u00e9stos pueden sufrir modificaciones en funci\u00f3n de novedades, exigencias legislativas y jurisprudenciales, o por necesidades de negocio.<\/p><p><strong>1.- IDENTIDAD Y DATOS DE CONTACTO DEL RESPONSABLE.<\/strong><\/p><p>El Responsable del tratamiento de los datos personales del Usuario es White Bestinv, S.L. (en adelante, \u201cThe Avenue\u201d), con NIF B13685052, y domicilio social en Calle Vel\u00e1zquez 20, 28001, Madrid. Para contactar con The Avenue y efectuar cualquier consulta en relaci\u00f3n con los tratamientos de datos personales que efectuamos o para ejercitar cualquiera de los derechos que te expondremos posteriormente, te ofrecemos la posibilidad de enviar un correo electr\u00f3nico a <a href=\"mailto:admin@theavenuerealestate.es\">admin@theavenuerealestate.es<\/a> o enviando una carta por correo ordinario a la siguiente direcci\u00f3n postal: Calle Vel\u00e1zquez 20, 28001, Madrid.<\/p><p><strong>2.- FINALIDADES Y BASES JUR\u00cdDICAS DEL TRATAMIENTO DE DATOS PERSONALES RECABADOS EN EL SITIO WEB.<\/strong><\/p><p>The Avenue tratar\u00e1 tus datos personales recabados a trav\u00e9s del Sitio Web, en su condici\u00f3n de Responsable del tratamiento, en funci\u00f3n de tu actividad y de los servicios que nos solicites.<\/p><p>En este sentido, nos comprometemos a tratar \u00fanicamente los datos personales estrictamente necesarios para cumplir con las finalidades indicadas a continuaci\u00f3n y a garantizar la confidencialidad de estos.<\/p><p>Los datos personales que The Avenue podr\u00e1 tratar a trav\u00e9s del Sitio Web son los siguientes:<\/p><table style=\"border-collapse: collapse; width: 100%;\" border=\"1\"><tbody><tr><td style=\"width: 19.9841%;\"><strong>Responsable del tratamiento<\/strong><\/td><td style=\"width: 19.9841%;\"><strong>Actividad de tratamiento<\/strong><\/td><td style=\"width: 19.9841%;\"><strong>Finalidades del tratamiento<\/strong><\/td><td style=\"width: 19.9841%;\"><strong>Categor\u00edas de datos personales que tratamos<\/strong><\/td><td style=\"width: 19.9853%;\"><strong>Base jur\u00eddica del tratamiento<\/strong><\/td><\/tr><tr><td style=\"width: 19.9841%;\">The Avenue<\/td><td style=\"width: 19.9841%;\">Recopilar informaci\u00f3n a trav\u00e9s de formularios para la compra y venta inmuebles para proceder al contacto solicitado<\/td><td style=\"width: 19.9841%;\"><p>En las casillas de comprar y vender inmuebles de The Avenue podr\u00e1s encontrar un formulario.<\/p><p>The Avenue recopilar\u00e1 la informaci\u00f3n de estos formularios para atender adecuadamente la compra o venta en la que est\u00e9s interesado.<\/p><\/td><td style=\"width: 19.9841%;\"><p>\u00a0<\/p><p>Datos identificativos Datos de intereses<\/p><\/td><td style=\"width: 19.9853%;\">Solicitud de medidas precontractuales por el interesado (Art\u00edculo 6.1.b) RGPD)<\/td><\/tr><tr><td style=\"width: 19.9841%;\">The Avenue<\/td><td style=\"width: 19.9841%;\">Atender a las consultas que nos efect\u00faes a trav\u00e9s de los formularios<\/td><td style=\"width: 19.9841%;\">The Avenue recopilar\u00e1 la informaci\u00f3n del formulario de consultas para atender adecuadamente a la solicitud o consulta que recibamos.<\/td><td style=\"width: 19.9841%;\">Datos identificativos Datos de intereses<\/td><td style=\"width: 19.9853%;\">Solicitud de medidas precontractuales por el interesado (Art\u00edculo 6.1.b) RGPD)<\/td><\/tr><tr><td style=\"width: 19.9841%;\">The Avenue<\/td><td style=\"width: 19.9841%;\">Comunicar la informaci\u00f3n que en cada caso se requiera por autoridades y administraciones p\u00fablicas en calidad de prestador de servicios de la sociedad de la informaci\u00f3n y comparador de productos\/servicios<\/td><td style=\"width: 19.9841%;\">En el caso de que seamos requeridos por autoridades y administraciones p\u00fablicas con base en una normativa espec\u00edfica que justifique su acceso a tus datos personales, les cederemos o permitiremos el acceso a tus datos personales por parte de estas entidades en cumplimiento de las obligaciones legales que resulten de aplicaci\u00f3n.<\/td><td style=\"width: 19.9841%;\">Datos identificativos<br \/>Datos de intereses<\/td><td style=\"width: 19.9853%;\">Cumplimiento legal (Art\u00edculo 6.1.c) RGPD)<\/td><\/tr><tr><td style=\"width: 19.9841%;\">The Avenue<\/td><td style=\"width: 19.9841%;\">Implementaci\u00f3n de cookies propias y de terceros.<\/td><td style=\"width: 19.9841%;\">Utilizar cookies y herramientas similares en nuestro sitio web para recordar determinada informaci\u00f3n que permita alterar autom\u00e1ticamente determinados aspectos de la navegaci\u00f3n y personalizar tu experiencia; y para realizar un seguimiento y an\u00e1lisis de tu comportamiento en el sitio web.<\/td><td style=\"width: 19.9841%;\">Datos de navegaci\u00f3n<\/td><td style=\"width: 19.9853%;\">Consentimiento previo del interesado (Art\u00edculo 6.1.a) RGPD) salvo para la utilizaci\u00f3n de cookies t\u00e9cnicas, consideradas estrictamente necesarias para el funcionamiento del sitio web<\/td><\/tr><tr><td style=\"width: 19.9841%;\">The Avenue<\/td><td style=\"width: 19.9841%;\">Respuesta a las consultas que nos efect\u00faes y respuesta al ejercicio de derechos<\/td><td style=\"width: 19.9841%;\">En caso de que contactes con nosotros, trataremos de dar respuesta a las dudas, quejas, comentarios o inquietudes que puedas tener relativas a la informaci\u00f3n incluida en el Sitio Web. Igualmente, gestionaremos las incidencias relativas al tratamiento de tus datos personales, incluido la atenci\u00f3n al ejercicio de los derechos.<\/td><td style=\"width: 19.9841%;\">Datos identificativos<\/td><td style=\"width: 19.9853%;\">Cumplimiento legal (Art\u00edculo 6.1.c) RGPD)<\/td><\/tr><\/tbody><\/table><p>Las categor\u00edas de datos previamente descritas podr\u00e1n incluir los siguientes datos personales:<\/p><p><span style=\"text-decoration: underline;\">Datos identificativos:<\/span> Nombre y apellidos, Documento Nacional de Identidad (DNI), N\u00famero de Identificaci\u00f3n de extranjeros (NIE) o pasaporte.<br \/><span style=\"text-decoration: underline;\">Datos de contacto<\/span>: Direcci\u00f3n postal, c\u00f3digo postal, direcci\u00f3n de correo electr\u00f3nico y n\u00famero de tel\u00e9fono.<\/p><p>Te recordamos igualmente que, respecto de aquellos tratamientos de los anteriores basados en tu consentimiento, tienes el derecho a revocarlo en cualquier momento mediante el env\u00edo de un correo electr\u00f3nico a <a href=\"mailto:admin@theavenuerealestate.es\">admin@theavenuerealestate.es<\/a>. En ese caso, The Avenue dejar\u00e1 de tratar sus datos personales para aquellas finalidades que se basen \u00fanicamente en su consentimiento si decide revocarlo.<\/p><p>Igualmente, podr\u00e1s revocar tu consentimiento para el tratamiento de sus datos con unas finalidades concretas. De esta forma, The Avenue podr\u00e1 continuar tratando sus datos personales para las finalidades que sean de su inter\u00e9s.<\/p><p><strong>3.- COMUNICACIONES COMERCIALES.<\/strong><\/p><p>The Avenue no tratar\u00e1 tus datos personales para el env\u00edo de comunicaciones comerciales.<\/p><p><strong>4.- ELABORACI\u00d3N DE PERFILES.<\/strong><\/p><p>The Avenue no tratar\u00e1 tus datos personales para la elaboraci\u00f3n de perfiles.<\/p><p><strong>5.- DESTINATARIOS DE LOS DATOS PERSONALES.<\/strong><\/p><p>The Avenue no ceder\u00e1 tus datos personales a terceros.<\/p><p>En el caso de que fuera necesario el acceso a los datos por parte de terceros para la prestaci\u00f3n de alg\u00fan servicio subcontratado por The Avenue se suscribir\u00e1n los documentos necesarios para garantizar la seguridad de tus datos personales y el correcto ejercicio de tus derechos.<\/p><p>En ninguno de los casos descritos anteriormente, The Avenue transferir\u00e1 tus datos personales a terceros que residan fuera del Espacio Econ\u00f3mico Europeo. Por tanto, no se producir\u00e1n transferencias internacionales de tus datos personales.<\/p><p><strong>6.- PLAZOS DE CONSERVACI\u00d3N<\/strong><\/p><p>Tus datos personales ser\u00e1n conservados \u00fanicamente durante el periodo de duraci\u00f3n de las finalidades para las que han sido recabados. En el momento en que termine, The Avenue mantendr\u00e1 sus datos debidamente bloqueados durante el plazo de prescripci\u00f3n de las posibles acciones legales, con el \u00fanico fin de atender las responsabilidades de cualquier \u00edndole que pudieran surgir. Una vez prescriban tales responsabilidades, tus datos personales ser\u00e1n suprimidos.<\/p><p><strong>7.- DERECHOS DE LOS USUARIOS<\/strong><\/p><p>Puedes ejercer, en cualquier momento, mediante comunicaci\u00f3n escrita dirigida a The Avenue a trav\u00e9s de correo electr\u00f3nico a <a href=\"mailto:admin@theavenuerealestate.es\">admin@theavenuerealestate.es<\/a> y acompa\u00f1ada de su DNI, los derechos de acceso, rectificaci\u00f3n, oposici\u00f3n, supresi\u00f3n, limitaci\u00f3n y portabilidad; revocar el consentimiento otorgado para el tratamiento de sus datos personales; as\u00ed como a presentar una reclamaci\u00f3n en el caso de que considere que The Avenue ha tratado sus datos personales infringiendo la normativa, ante la Agencia Espa\u00f1ola de Protecci\u00f3n de Datos.<\/p><p><strong>8.- MEDIDAS DE SEGURIDAD<\/strong><\/p><p>The Avenue tratar\u00e1 sus datos personales de manera absolutamente confidencial. Asimismo, ha implantado medidas t\u00e9cnicas y organizativas adecuadas para garantizar la seguridad de sus datos personales y evitar su destrucci\u00f3n, p\u00e9rdida, acceso il\u00edcito o alteraci\u00f3n il\u00edcita. A la hora de determinar estas medidas, se han tenido en cuenta criterios como el alcance, el contexto y los fines del tratamiento; el estado de la t\u00e9cnica y los riesgos existentes.<\/p><p><strong>9.- MENORES<\/strong><\/p><p>Los menores de edad no podr\u00e1n hacer uso de la p\u00e1gina web sin la previa autorizaci\u00f3n de sus padres, tutores o representantes legales, quienes ser\u00e1n los \u00fanicos responsables de todos los actos realizados a trav\u00e9s del Sitio Web por los menores a su cargo, incluyendo la cumplimentaci\u00f3n de los formularios con los datos personales de dichos menores y la marcaci\u00f3n, en su caso, de las casillas que los acompa\u00f1an.<\/p><p>En este sentido, y en la medida en que The Avenue no tiene capacidad para controlar si los usuarios son o no menores de edad, se advierte de que deber\u00e1n ser los padres y tutores quienes habiliten los mecanismos necesarios para evitar que los menores accedan al Sitio Web y\/o faciliten datos de car\u00e1cter personal sin su supervisi\u00f3n, no admitiendo The Avenue responsabilidad alguna al respecto.<\/p><p><strong>10.- ACTUALIZACI\u00d3N<\/strong><\/p><p>Es posible que esta Pol\u00edtica de Privacidad sufra actualizaciones peri\u00f3dicas.<\/p><p>Por tanto, te recomendamos que cada vez que accedas al Portal revises esta Pol\u00edtica con el objetivo de que est\u00e9s adecuadamente informado sobre el tipo de informaci\u00f3n recopilada y su tratamiento.<\/p><p>Esta Pol\u00edtica de Privacidad se actualiz\u00f3 por \u00faltima vez el 27 de junio de 2023.<\/p>\t\t\t\t\t\t\t\t<\/div>\n\t\t\t\t<\/div>\n\t\t\t\t\t<\/div>\n\t\t\t\t<\/div>\n\t\t\t\t\t<\/div>\n\t\t\t\t<\/div>\n\t\t\t\t<\/div>\n\t\t","protected":false},"excerpt":{"rendered":"<p>Pol\u00edtica de privacidad La presente Pol\u00edtica de Privacidad (en adelante, la \u201cPol\u00edtica\u201d) tiene por objeto regular las actividades de tratamiento [&hellip;]<\/p>\n","protected":false},"author":1,"featured_media":0,"parent":0,"menu_order":0,"comment_status":"closed","ping_status":"closed","template":"","meta":{"site-sidebar-layout":"no-sidebar","site-content-layout":"","ast-site-content-layout":"full-width-container","site-content-style":"default","site-sidebar-style":"default","ast-global-header-display":"","ast-banner-title-visibility":"","ast-main-header-display":"","ast-hfb-above-header-display":"","ast-hfb-below-header-display":"","ast-hfb-mobile-header-display":"","site-post-title":"disabled","ast-breadcrumbs-content":"","ast-featured-img":"disabled","footer-sml-layout":"","ast-disable-related-posts":"","theme-transparent-header-meta":"default","adv-header-id-meta":"","stick-header-meta":"","header-above-stick-meta":"","header-main-stick-meta":"","header-below-stick-meta":"","astra-migrate-meta-layouts":"set","ast-page-background-enabled":"default","ast-page-background-meta":{"desktop":{"background-color":"var(--ast-global-color-4)","background-image":"","background-repeat":"repeat","background-position":"center center","background-size":"auto","background-attachment":"scroll","background-type":"","background-media":"","overlay-type":"","overlay-color":"","overlay-opacity":"","overlay-gradient":""},"tablet":{"background-color":"","background-image":"","background-repeat":"repeat","background-position":"center center","background-size":"auto","background-attachment":"scroll","background-type":"","background-media":"","overlay-type":"","overlay-color":"","overlay-opacity":"","overlay-gradient":""},"mobile":{"background-color":"","background-image":"","background-repeat":"repeat","background-position":"center center","background-size":"auto","background-attachment":"scroll","background-type":"","background-media":"","overlay-type":"","overlay-color":"","overlay-opacity":"","overlay-gradient":""}},"ast-content-background-meta":{"desktop":{"background-color":"var(--ast-global-color-5)","background-image":"","background-repeat":"repeat","background-position":"center center","background-size":"auto","background-attachment":"scroll","background-type":"","background-media":"","overlay-type":"","overlay-color":"","overlay-opacity":"","overlay-gradient":""},"tablet":{"background-color":"var(--ast-global-color-5)","background-image":"","background-repeat":"repeat","background-position":"center center","background-size":"auto","background-attachment":"scroll","background-type":"","background-media":"","overlay-type":"","overlay-color":"","overlay-opacity":"","overlay-gradient":""},"mobile":{"background-color":"var(--ast-global-color-5)","background-image":"","background-repeat":"repeat","background-position":"center center","background-size":"auto","background-attachment":"scroll","background-type":"","background-media":"","overlay-type":"","overlay-color":"","overlay-opacity":"","overlay-gradient":""}},"footnotes":""},"class_list":["post-22178","page","type-page","status-publish","hentry"],"_links":{"self":[{"href":"https:\/\/theavenue.realestate\/en\/wp-json\/wp\/v2\/pages\/22178","targetHints":{"allow":["GET"]}}],"collection":[{"href":"https:\/\/theavenue.realestate\/en\/wp-json\/wp\/v2\/pages"}],"about":[{"href":"https:\/\/theavenue.realestate\/en\/wp-json\/wp\/v2\/types\/page"}],"author":[{"embeddable":true,"href":"https:\/\/theavenue.realestate\/en\/wp-json\/wp\/v2\/users\/1"}],"replies":[{"embeddable":true,"href":"https:\/\/theavenue.realestate\/en\/wp-json\/wp\/v2\/comments?post=22178"}],"version-history":[{"count":2,"href":"https:\/\/theavenue.realestate\/en\/wp-json\/wp\/v2\/pages\/22178\/revisions"}],"predecessor-version":[{"id":54037,"href":"https:\/\/theavenue.realestate\/en\/wp-json\/wp\/v2\/pages\/22178\/revisions\/54037"}],"wp:attachment":[{"href":"https:\/\/theavenue.realestate\/en\/wp-json\/wp\/v2\/media?parent=22178"}],"curies":[{"name":"wp","href":"https:\/\/api.w.org\/{rel}","templated":true}]}}